{"id":62,"date":"2019-11-13T12:47:47","date_gmt":"2019-11-13T11:47:47","guid":{"rendered":"http:\/\/stgabriel.es\/terms-and-conditions\/"},"modified":"2020-01-29T22:01:44","modified_gmt":"2020-01-29T21:01:44","slug":"terms-and-conditions","status":"publish","type":"page","link":"https:\/\/stgabriel.es\/en\/terms-and-conditions\/","title":{"rendered":"Terms and conditions"},"content":{"rendered":"\t\t<div data-elementor-type=\"wp-page\" data-elementor-id=\"62\" class=\"elementor elementor-62 elementor-38\" data-elementor-settings=\"{&quot;ha_cmc_init_switcher&quot;:&quot;no&quot;}\" data-elementor-post-type=\"page\">\n\t\t\t\t\t\t<section class=\"elementor-section elementor-top-section elementor-element elementor-element-19da5366 elementor-section-full_width elementor-section-height-min-height elementor-section-height-default elementor-section-items-middle\" data-id=\"19da5366\" data-element_type=\"section\" data-e-type=\"section\" data-settings=\"{&quot;background_background&quot;:&quot;classic&quot;,&quot;_ha_eqh_enable&quot;:false}\">\n\t\t\t\t\t\t\t<div class=\"elementor-background-overlay\"><\/div>\n\t\t\t\t\t\t\t<div class=\"elementor-container elementor-column-gap-default\">\n\t\t\t\t\t<div class=\"elementor-column elementor-col-100 elementor-top-column elementor-element elementor-element-6db86fef\" data-id=\"6db86fef\" data-element_type=\"column\" data-e-type=\"column\">\n\t\t\t<div class=\"elementor-widget-wrap elementor-element-populated\">\n\t\t\t\t\t\t<div class=\"elementor-element elementor-element-2b6d7750 uael-heading-align-center elementor-widget elementor-widget-uael-advanced-heading\" data-id=\"2b6d7750\" data-element_type=\"widget\" data-e-type=\"widget\" data-widget_type=\"uael-advanced-heading.default\">\n\t\t\t\t<div class=\"elementor-widget-container\">\n\t\t\t\t\t\n\t\t<div class=\"uael-module-content uael-heading-wrapper\">\n\t\t\t\t\t\t\n\t\t\t<h1 class=\"uael-heading\">\n\t\t\t\t\t\t\t\t\t\t<span class=\"uael-heading-text elementor-inline-editing uael-size--default\" data-elementor-setting-key=\"heading_title\" data-elementor-inline-editing-toolbar=\"basic\">Terms and conditions<\/span>\n\t\t\t\t\t\t\t<\/h1>\n\n\t\t\t\n\t\t\t\n\t\t\t\n\t\t\t\t\t\t<\/div>\n\t\t\t\t\t\t<\/div>\n\t\t\t\t<\/div>\n\t\t\t\t\t<\/div>\n\t\t<\/div>\n\t\t\t\t\t<\/div>\n\t\t<\/section>\n\t\t\t\t<section class=\"elementor-section elementor-top-section elementor-element elementor-element-7cf61117 elementor-section-full_width elementor-section-height-default elementor-section-height-default\" data-id=\"7cf61117\" data-element_type=\"section\" data-e-type=\"section\" data-settings=\"{&quot;_ha_eqh_enable&quot;:false}\">\n\t\t\t\t\t\t<div class=\"elementor-container elementor-column-gap-no\">\n\t\t\t\t\t<div class=\"elementor-column elementor-col-100 elementor-top-column elementor-element elementor-element-66383684\" data-id=\"66383684\" data-element_type=\"column\" data-e-type=\"column\">\n\t\t\t<div class=\"elementor-widget-wrap elementor-element-populated\">\n\t\t\t\t\t\t<section class=\"elementor-section elementor-inner-section elementor-element elementor-element-a86df6a elementor-section-boxed elementor-section-height-default elementor-section-height-default\" data-id=\"a86df6a\" data-element_type=\"section\" data-e-type=\"section\" data-settings=\"{&quot;_ha_eqh_enable&quot;:false}\">\n\t\t\t\t\t\t<div class=\"elementor-container elementor-column-gap-default\">\n\t\t\t\t\t<div class=\"elementor-column elementor-col-100 elementor-inner-column elementor-element elementor-element-63c3d87a\" data-id=\"63c3d87a\" data-element_type=\"column\" data-e-type=\"column\">\n\t\t\t<div class=\"elementor-widget-wrap elementor-element-populated\">\n\t\t\t\t\t\t<div class=\"elementor-element elementor-element-60bdab14 elementor-widget elementor-widget-text-editor\" data-id=\"60bdab14\" data-element_type=\"widget\" data-e-type=\"widget\" data-widget_type=\"text-editor.default\">\n\t\t\t\t\t\t\t\t\t<table width=\"400\"><tbody><tr><td colspan=\"3\" width=\"400\"><h4 style=\"text-align: center;\"><strong>TITULAR DEL SITIO WEB<\/strong><\/h4><\/td><\/tr><tr><td colspan=\"3\" width=\"400\"><strong>DENOMINACI\u00d3N SOCIAL:<\/strong> Grupo Petanwen S.L.<\/td><\/tr><tr><td colspan=\"3\" width=\"400\"><strong>CIF<\/strong>: B91400606<\/td><\/tr><tr><td colspan=\"3\" width=\"400\"><strong>DOMICILIO SOCIAL<\/strong>: Glorieta Alcalde Fernando Parias Merry s\/n, 41012, Sevilla.<\/td><\/tr><\/tbody><\/table><p>En esta p\u00e1gina puede leer las condiciones bajo las que <strong>Grupo Petanwen S.L.<\/strong> le proporciona contenidos y servicios desde este sitio web, y que usted acepta por el hecho de acceder a \u00e9l. Son las Condiciones de Uso del sitio web.<\/p><p><strong>Aceptaci\u00f3n de las condiciones<\/strong><\/p><p>El hecho de que acceda a este sitio web implica que conoce, entiende y acepta las Condiciones de Uso en la versi\u00f3n existente en el momento del acceso. Dado que, en funci\u00f3n de las normativas legales vigentes en cada momento, las Condiciones pueden sufrir modificaciones, le recomendamos que las consulte cada vez que acceda a este sitio web, as\u00ed como nuestra <a href=\"\/politica-de-privacidad\/\">Pol\u00edtica de Privacidad<\/a>.<\/p><p><strong>Objeto del sitio. Exclusi\u00f3n de responsabilidades.<\/strong><\/p><p>A trav\u00e9s de este sitio web, proporcionamos informaci\u00f3n sobre los servicios y\/o productos que ofrecemos o comercializamos. Esa informaci\u00f3n se ofrece tal y como puede verla el usuario, no aceptando <strong>Grupo Petanwen S.L.<\/strong> responsabilidad alguna por posibles perjuicios causados por<\/p><ul><li>La inexistencia de la informaci\u00f3n o los servicios y\/o productos ofrecidos, su inexactitud, su falta de actualizaci\u00f3n o la existencia de fallos en el acceso a parte o a la totalidad de los contenidos de este sitio web o de otros a los que se pueda acceder desde \u00e9ste.<\/li><li>La p\u00e9rdida de informaci\u00f3n o da\u00f1os en equipos causados por la utilizaci\u00f3n de este sitio web o de otros a los que se pueda acceder desde \u00e9ste.<\/li><\/ul><p><strong>Utilizaci\u00f3n del sitio web<\/strong><\/p><p>Usted es consciente de que el uso de este sitio web tiene lugar bajo su \u00fanica y exclusiva responsabilidad, y as\u00ed lo acepta voluntaria y expresamente al acceder a \u00e9l.<\/p><p>Consiente, asimismo, en no utilizar ninguno de los contenidos incluidos en el sitio web para fines que sean il\u00edcitos o vayan en contra del orden p\u00fablico, la moral y las buenas costumbres com\u00fanmente aceptadas. En particular, y sin que ello suponga una limitaci\u00f3n a lo aqu\u00ed enunciado, usted se compromete tambi\u00e9n a no obtener, reproducir o distribuir los contenidos mostrados en este sitio web si no es para uso personal y en ning\u00fan caso lucrativo.<\/p><p><strong>Derechos de propiedad intelectual<\/strong><\/p><p>Todas las marcas, nombres comerciales o signos distintivos de cualquier clase que aparecen en el sitio web son propiedad de <strong>Grupo Petanwen S.L.<\/strong> o de terceros, sin que pueda entenderse que el acceso al sitio web le otorga a usted derecho alguno sobre las citadas marcas, nombres comerciales y\/o signos distintivos.<\/p><p>Asimismo, los contenidos son propiedad intelectual de nuestra empresa o de terceros, sin que puedan entenderse cedidos a usted ninguno de los derechos de explotaci\u00f3n que existen o puedan existir sobre ellos.<\/p><p><strong>Legislaci\u00f3n aplicable<\/strong><\/p><p>Estas Condiciones de Uso se rigen por la legislaci\u00f3n espa\u00f1ola.<\/p><p><strong>Grupo Petanwen S.L.<\/strong> y el usuario se someten a los Juzgados y Tribunales de Madrid para cualquier controversia que pudiera derivarse de la prestaci\u00f3n de los servicios objeto de estas Condiciones de Uso.<\/p>\t\t\t\t\t\t\t\t<\/div>\n\t\t\t\t\t<\/div>\n\t\t<\/div>\n\t\t\t\t\t<\/div>\n\t\t<\/section>\n\t\t\t\t\t<\/div>\n\t\t<\/div>\n\t\t\t\t\t<\/div>\n\t\t<\/section>\n\t\t\t\t<section class=\"elementor-section elementor-top-section elementor-element elementor-element-c42a2d4 elementor-section-full_width elementor-section-height-default elementor-section-height-default\" data-id=\"c42a2d4\" data-element_type=\"section\" data-e-type=\"section\" id=\"contacto\" data-settings=\"{&quot;background_background&quot;:&quot;classic&quot;,&quot;_ha_eqh_enable&quot;:false}\">\n\t\t\t\t\t\t<div class=\"elementor-container elementor-column-gap-default\">\n\t\t\t\t\t<div class=\"elementor-column elementor-col-100 elementor-top-column elementor-element elementor-element-8bc0f40\" data-id=\"8bc0f40\" data-element_type=\"column\" data-e-type=\"column\">\n\t\t\t<div class=\"elementor-widget-wrap elementor-element-populated\">\n\t\t\t\t\t\t<div class=\"elementor-element elementor-element-6d7b7d4 uael-heading-align-center elementor-widget elementor-widget-uael-advanced-heading\" data-id=\"6d7b7d4\" data-element_type=\"widget\" data-e-type=\"widget\" data-widget_type=\"uael-advanced-heading.default\">\n\t\t\t\t<div class=\"elementor-widget-container\">\n\t\t\t\t\t\n\t\t<div class=\"uael-module-content uael-heading-wrapper\">\n\t\t\t\t\t\t\n\t\t\t<h3 class=\"uael-heading\">\n\t\t\t\t\t\t\t\t\t\t<span class=\"uael-heading-text elementor-inline-editing uael-size--default\" data-elementor-setting-key=\"heading_title\" data-elementor-inline-editing-toolbar=\"basic\">Request Information<\/span>\n\t\t\t\t\t\t\t<\/h3>\n\n\t\t\t\n\t\t\t\t\t\t<div class=\"uael-module-content uael-separator-parent\">\n\t\t\t\t\t\t\t\t\t\t\t\t\t<div class=\"uael-separator\"><\/div>\n\t\t\t\t\t\t\t<\/div>\n\t\t\t\n\t\t\t\t\t\t\t<div class=\"uael-subheading elementor-inline-editing\" data-elementor-setting-key=\"heading_description\" data-elementor-inline-editing-toolbar=\"advanced\" >\n\t\t\t\t\t<p>Ask us when you can start a course, your immersion program or any other questions you may have.<\/p>\t\t\t\t<\/div>\n\t\t\t\t\n\t\t\t\t\t\t<\/div>\n\t\t\t\t\t\t<\/div>\n\t\t\t\t<\/div>\n\t\t\t\t\t<\/div>\n\t\t<\/div>\n\t\t\t\t\t<\/div>\n\t\t<\/section>\n\t\t\t\t<section class=\"elementor-section elementor-top-section elementor-element elementor-element-47c607d8 elementor-section-full_width elementor-section-height-min-height elementor-section-height-default elementor-section-items-middle\" data-id=\"47c607d8\" data-element_type=\"section\" data-e-type=\"section\" data-settings=\"{&quot;background_background&quot;:&quot;classic&quot;,&quot;_ha_eqh_enable&quot;:false}\">\n\t\t\t\t\t\t<div class=\"elementor-container elementor-column-gap-default\">\n\t\t\t\t\t<div class=\"elementor-column elementor-col-100 elementor-top-column elementor-element elementor-element-770e9568\" data-id=\"770e9568\" data-element_type=\"column\" data-e-type=\"column\">\n\t\t\t<div class=\"elementor-widget-wrap elementor-element-populated\">\n\t\t\t\t\t\t\t<\/div>\n\t\t<\/div>\n\t\t\t\t\t<\/div>\n\t\t<\/section>\n\t\t\t\t<\/div>\n\t\t","protected":false},"excerpt":{"rendered":"<p>Terms and conditions TITULAR DEL SITIO WEB DENOMINACI\u00d3N SOCIAL: Grupo Petanwen S.L. CIF: B91400606 DOMICILIO SOCIAL: Glorieta Alcalde Fernando Parias Merry s\/n, 41012, Sevilla. En esta p\u00e1gina puede leer las condiciones bajo las que Grupo Petanwen S.L. le proporciona contenidos y servicios desde este sitio web, y que usted acepta por el hecho de acceder [&hellip;]<\/p>\n","protected":false},"author":2,"featured_media":0,"parent":0,"menu_order":0,"comment_status":"closed","ping_status":"closed","template":"","meta":{"footnotes":""},"class_list":["post-62","page","type-page","status-publish","hentry"],"_links":{"self":[{"href":"https:\/\/stgabriel.es\/en\/wp-json\/wp\/v2\/pages\/62","targetHints":{"allow":["GET"]}}],"collection":[{"href":"https:\/\/stgabriel.es\/en\/wp-json\/wp\/v2\/pages"}],"about":[{"href":"https:\/\/stgabriel.es\/en\/wp-json\/wp\/v2\/types\/page"}],"author":[{"embeddable":true,"href":"https:\/\/stgabriel.es\/en\/wp-json\/wp\/v2\/users\/2"}],"replies":[{"embeddable":true,"href":"https:\/\/stgabriel.es\/en\/wp-json\/wp\/v2\/comments?post=62"}],"version-history":[{"count":0,"href":"https:\/\/stgabriel.es\/en\/wp-json\/wp\/v2\/pages\/62\/revisions"}],"wp:attachment":[{"href":"https:\/\/stgabriel.es\/en\/wp-json\/wp\/v2\/media?parent=62"}],"curies":[{"name":"wp","href":"https:\/\/api.w.org\/{rel}","templated":true}]}}