{"id":71,"date":"2019-11-13T12:55:21","date_gmt":"2019-11-13T11:55:21","guid":{"rendered":"http:\/\/stgabriel.es\/privacy-policy\/"},"modified":"2020-02-13T13:22:11","modified_gmt":"2020-02-13T12:22:11","slug":"privacy-policy","status":"publish","type":"page","link":"https:\/\/stgabriel.es\/en\/privacy-policy\/","title":{"rendered":"Privacy Policy"},"content":{"rendered":"\t\t<div data-elementor-type=\"wp-page\" data-elementor-id=\"71\" class=\"elementor elementor-71 elementor-40\" data-elementor-settings=\"{&quot;ha_cmc_init_switcher&quot;:&quot;no&quot;}\" data-elementor-post-type=\"page\">\n\t\t\t\t\t\t<section class=\"elementor-section elementor-top-section elementor-element elementor-element-59f9fb6e elementor-section-full_width elementor-section-height-min-height elementor-section-height-default elementor-section-items-middle\" data-id=\"59f9fb6e\" data-element_type=\"section\" data-e-type=\"section\" data-settings=\"{&quot;background_background&quot;:&quot;classic&quot;,&quot;_ha_eqh_enable&quot;:false}\">\n\t\t\t\t\t\t\t<div class=\"elementor-background-overlay\"><\/div>\n\t\t\t\t\t\t\t<div class=\"elementor-container elementor-column-gap-default\">\n\t\t\t\t\t<div class=\"elementor-column elementor-col-100 elementor-top-column elementor-element elementor-element-7f08f993\" data-id=\"7f08f993\" data-element_type=\"column\" data-e-type=\"column\">\n\t\t\t<div class=\"elementor-widget-wrap elementor-element-populated\">\n\t\t\t\t\t\t<div class=\"elementor-element elementor-element-14365d9 uael-heading-align-center elementor-widget elementor-widget-uael-advanced-heading\" data-id=\"14365d9\" data-element_type=\"widget\" data-e-type=\"widget\" data-widget_type=\"uael-advanced-heading.default\">\n\t\t\t\t<div class=\"elementor-widget-container\">\n\t\t\t\t\t\n\t\t<div class=\"uael-module-content uael-heading-wrapper\">\n\t\t\t\t\t\t\n\t\t\t<h1 class=\"uael-heading\">\n\t\t\t\t\t\t\t\t\t\t<span class=\"uael-heading-text elementor-inline-editing uael-size--default\" data-elementor-setting-key=\"heading_title\" data-elementor-inline-editing-toolbar=\"basic\">Privacy Policy<\/span>\n\t\t\t\t\t\t\t<\/h1>\n\n\t\t\t\n\t\t\t\n\t\t\t\n\t\t\t\t\t\t<\/div>\n\t\t\t\t\t\t<\/div>\n\t\t\t\t<\/div>\n\t\t\t\t\t<\/div>\n\t\t<\/div>\n\t\t\t\t\t<\/div>\n\t\t<\/section>\n\t\t\t\t<section class=\"elementor-section elementor-top-section elementor-element elementor-element-7e05152a elementor-section-full_width elementor-section-height-default elementor-section-height-default\" data-id=\"7e05152a\" data-element_type=\"section\" data-e-type=\"section\" data-settings=\"{&quot;_ha_eqh_enable&quot;:false}\">\n\t\t\t\t\t\t<div class=\"elementor-container elementor-column-gap-no\">\n\t\t\t\t\t<div class=\"elementor-column elementor-col-100 elementor-top-column elementor-element elementor-element-1a61ec54\" data-id=\"1a61ec54\" data-element_type=\"column\" data-e-type=\"column\">\n\t\t\t<div class=\"elementor-widget-wrap elementor-element-populated\">\n\t\t\t\t\t\t<section class=\"elementor-section elementor-inner-section elementor-element elementor-element-5fadfb48 elementor-section-boxed elementor-section-height-default elementor-section-height-default\" data-id=\"5fadfb48\" data-element_type=\"section\" data-e-type=\"section\" data-settings=\"{&quot;_ha_eqh_enable&quot;:false}\">\n\t\t\t\t\t\t<div class=\"elementor-container elementor-column-gap-default\">\n\t\t\t\t\t<div class=\"elementor-column elementor-col-100 elementor-inner-column elementor-element elementor-element-39bf9979\" data-id=\"39bf9979\" data-element_type=\"column\" data-e-type=\"column\">\n\t\t\t<div class=\"elementor-widget-wrap elementor-element-populated\">\n\t\t\t\t\t\t<div class=\"elementor-element elementor-element-7f7d8291 elementor-widget elementor-widget-text-editor\" data-id=\"7f7d8291\" data-element_type=\"widget\" data-e-type=\"widget\" data-widget_type=\"text-editor.default\">\n\t\t\t\t\t\t\t\t\t<p>Siguiendo los principios de licitud, lealtad y transparencia, ponemos a su disposici\u00f3n la presente Pol\u00edtica de Privacidad en base al Reglamento (UE) 2016\/679 del Parlamento Europeo y del Consejo de 27 de abril de 2016 y la Ley Org\u00e1nica 3\/2018, de 5 de diciembre, de Protecci\u00f3n de Datos Personales y norma de desarrollo.<\/p><p><strong>\u00bfQui\u00e9n es el Responsable del tratamiento de sus datos?<\/strong><\/p><p>Grupo Petanwen S.L.<\/p><p>CIF: B91400606<\/p><p>Glorieta Alcalde Fernando Parias Merry s\/n 41012 Sevilla<\/p><p><strong>\u00bfCon qu\u00e9 finalidad tratamos sus datos personales?<\/strong><\/p><p>En Grupo Petanwen S.L., dependiendo de la categor\u00eda de interesado de que se trate, tratamos la informaci\u00f3n que nos facilita con las siguientes finalidades:<\/p><ul><li style=\"list-style-type: none;\"><ul><li><span style=\"text-decoration: underline;\">Potenciales clientes<\/span>: Gestionar la potencial relaci\u00f3n comercial y\/o profesional, gestionar el env\u00edo de informaci\u00f3n solicitada y\/o resolver las consultas planteadas en los diferentes formularios o datos de contacto. Los datos que principalmente vamos a tratar son datos de contacto y datos de la consulta.<\/li><\/ul><\/li><\/ul><p>No tiene obligaci\u00f3n de proporcionarnos todos los datos que le solicitamos; s\u00f3lo los estrictamente imprescindibles para poder proporcionarle lo que desea o ponernos en contacto con usted. Se los indicaremos con un asterisco (*) o en la validaci\u00f3n del formulario, y en ning\u00fan caso el hecho de que no proporcione los datos no obligatorios supondr\u00e1 que usted va a recibir un servicio de menor calidad.<\/p><p>Los dem\u00e1s datos que le solicitamos son adecuados, pertinentes y estrictamente necesarios y en ning\u00fan caso est\u00e1 obligado a facilit\u00e1rnoslos, pero su no comunicaci\u00f3n podr\u00e1 afectar a la finalidad del servicio o la imposibilidad de prestarlo.<\/p><p><strong>\u00bfCu\u00e1l es la legitimaci\u00f3n para el tratamiento de sus datos?<\/strong><\/p><p>La base legal para el tratamiento de sus datos personales, dependiendo de la categor\u00eda de interesado de que se trate, puede ser:<\/p><table><tbody><tr><td><strong>INTERESADOS<\/strong><\/td><td><strong>BASE LEGAL<\/strong><\/td><\/tr><tr><td>POTENCIALES CLIENTES<\/td><td><p>Art. 6.1.b RGPD: aplicaci\u00f3n, a petici\u00f3n del interesado, de medidas precontractuales (presupuestos, hojas de encargo, ofertas de servicios\u2026).<\/p><p>Art. 6.1.f RGPD: Inter\u00e9s leg\u00edtimo (enviar informaci\u00f3n solicitada, responder a las consultas planteadas\u2026).<\/p><\/td><\/tr><tr><td>CLIENTES<\/td><td>Art. 6.1.b RGPD: ejecuci\u00f3n de un contrato en el que el interesado es parte.<\/td><\/tr><tr><td>PROVEEDORES<\/td><td>Art. 6.1.b RGPD: ejecuci\u00f3n de un contrato en el que el interesado es parte.<\/td><\/tr><tr><td>COLABORADORES<\/td><td><p>Art. 6.1.a RGPD: consentimiento del propio interesado (para el tratamiento de datos).<\/p><p>Art. 6.1.b RGPD: ejecuci\u00f3n de un contrato en el que el interesado es parte.<\/p><p>Art. 6.1.c RGPD: el tratamiento es necesario para el cumplimiento de una obligaci\u00f3n legal aplicable al responsable del tratamiento.<\/p><\/td><\/tr><tr><td>CANDIDATOS<\/td><td>Art. 6.1.a RGPD: consentimiento del propio interesado.<\/td><\/tr><tr><td>COMUNICACIONES COMERCIALES<\/td><td><p>Normativa sobre servicios de sociedad de la informaci\u00f3n:<\/p><ul><li>Relaci\u00f3n contractual previa: Se podr\u00e1 proceder al env\u00edo de comunicaciones comerciales relacionadas con el producto inicialmente contratados.<\/li><li>No Clientes (Potenciales): Se podr\u00e1 hacer efectivo cuando lo solicite expresamente o hayan aceptado de forma expresa.<\/li><\/ul><p>En cualquier caso podr\u00e1 oponerse al env\u00edo en cualquier comunicaci\u00f3n.<\/p><\/td><\/tr><\/tbody><\/table><p><strong>\u00bfPor cu\u00e1nto tiempo conservaremos sus datos personales?<\/strong><\/p><p>Sus datos, ser\u00e1n conservados el tiempo m\u00ednimo necesario para la correcta prestaci\u00f3n del servicio ofrecido as\u00ed como para atender las responsabilidades que se pudieran derivar del mismo y de cualquier otra exigencia legal en caso de los potenciales clientes, clientes, colaboradores y proveedores. Se tendr\u00e1 en cuenta la normativa contractual y de prevenci\u00f3n de blanqueo de capitales, entre otras.<\/p><p>Las comunicaciones comerciales se enviaran hasta que el cliente se oponga al env\u00edo de estos a trav\u00e9s de los mecanismos establecidos en cada correo.<\/p><p><strong>\u00bfA qu\u00e9 destinatarios se comunicar\u00e1n sus datos?<\/strong><\/p><p>Grupo Petanwen S.L. no comunicar\u00e1 sus datos a ning\u00fan tercero, salvo que se informe de ello expresamente.<\/p><p>Adicionalmente le informamos que determinados datos, en virtud con la normativa vigente o de la relaci\u00f3n contractual que mantenga Grupo Petanwen S.L., podr\u00e1n ser comunicados a:<\/p><ul><li style=\"list-style-type: none;\"><ul><li style=\"list-style-type: none;\"><ul><li>Los bancos y entidades financieras para el cobro de los servicios contratados y\/o productos comprados.<\/li><li>Administraciones p\u00fablicas con competencia en los sectores de actividad de Grupo Petanwen S.L., cuando as\u00ed lo establezca la normativa vigente.<\/li><li>Cuando sea necesario, previa informaci\u00f3n y\/o consentimiento, sus datos podr\u00e1n ser comunicados a otras asociaciones, profesionales sanitarios, educadores, terapeutas, etc. en la medida que dicha comunicaci\u00f3n resulte necesaria para la prestaci\u00f3n del servicio.<\/li><\/ul><\/li><\/ul><\/li><\/ul><p>Por otra parte, podr\u00e1n tener acceso a datos personales los encargados del tratamiento de la Sociedad, es decir, los prestadores de servicios que tengan que acceder a sus datos personales para el desarrollo de sus funciones.<\/p><p><strong>\u00bfCu\u00e1les son sus derechos cuando nos facilita sus datos?<\/strong><\/p><p>Los derechos de protecci\u00f3n de datos de los que son titulares los interesados son:<\/p><ul><li style=\"list-style-type: none;\"><ul><li style=\"list-style-type: none;\"><ul><li>Derecho a solicitar el acceso a los datos personales relativos al interesado<\/li><li>Derecho de rectificaci\u00f3n o supresi\u00f3n<\/li><li>Derecho de oposici\u00f3n<\/li><li>Derecho a solicitar la limitaci\u00f3n de su tratamiento<\/li><li>Derecho a la portabilidad de los datos<\/li><\/ul><\/li><\/ul><\/li><\/ul><p>Los titulares de los datos personales obtenidos, podr\u00e1n ejercer sus derechos de protecci\u00f3n de datos personales dirigiendo una comunicaci\u00f3n por escrito al domicilio social de Grupo Petanwen S.L. o al correo electr\u00f3nico habilitado a tal efecto, <a href=\"mailto:protecciondedatos@medular.org\">protecciondedatos@medular.org<\/a>, incluyendo en ambos casos fotocopia de su DNI u otro documento de identificaci\u00f3n equivalente.<\/p><p>Modelos, formularios y m\u00e1s informaci\u00f3n disponible sobre sus derechos en la p\u00e1gina web de la autoridad de control nacional, Agencia Espa\u00f1ola de Protecci\u00f3n de Datos, en adelante, AEPD, <a href=\"http:\/\/www.aepd.es\" target=\"_blank\" rel=\"noopener\">www.aepd.es<\/a><\/p><p><strong>\u00bfPuedo retirar el consentimiento?<\/strong><\/p><p>Usted tiene la posibilidad y el derecho a retirar el consentimiento para cualquiera finalidad espec\u00edfica otorgada en su momento, sin que ello afecte a la licitud del tratamiento basado en el consentimiento previo a su retirada.<\/p><p><strong>\u00bfD\u00f3nde puedo reclamar en caso de que considere que no se tratan mis datos correctamente?<\/strong><\/p><p>Si alg\u00fan interesado considera que sus datos no son tratados correctamente por Grupo Petanwen S.L. puede dirigir sus reclamaciones a la direcci\u00f3n postal iniciada al principio del documento o a la autoridad de protecci\u00f3n de datos que corresponda, siendo la AEPD la indicada en el territorio nacional,<a href=\"http:\/\/www.aepd.es\" target=\"_blank\" rel=\"noopener\"> www.aepd.es<\/a><\/p><p><strong>Seguridad y actualizaci\u00f3n de sus datos personales<\/strong><\/p><p>Con el objetivo de salvaguardar la seguridad de sus datos personales, le informamos que Grupo Petanwen S.L. ha adoptado todas las medidas de \u00edndole t\u00e9cnica y organizativa necesarias para garantizar la seguridad de los datos personales suministrados. Todo ello para evitar su alteraci\u00f3n, p\u00e9rdida, y\/o tratamientos o accesos no autorizados, tal como exige la normativa, si bien la seguridad absoluta no existe.<\/p><p>Es importante que, para que podamos mantener sus datos personales actualizados, nos informe siempre que se produzca una modificaci\u00f3n de los mismos.<\/p><p><strong>Confidencialidad<\/strong><\/p><p>Grupo Petanwen S.L. le informa que sus datos ser\u00e1n tratados con el m\u00e1ximo celo y confidencialidad por todo el personal que intervenga en cualquiera de las fases del tratamiento.<\/p>\t\t\t\t\t\t\t\t<\/div>\n\t\t\t\t\t<\/div>\n\t\t<\/div>\n\t\t\t\t\t<\/div>\n\t\t<\/section>\n\t\t\t\t\t<\/div>\n\t\t<\/div>\n\t\t\t\t\t<\/div>\n\t\t<\/section>\n\t\t\t\t<section class=\"elementor-section elementor-top-section elementor-element elementor-element-dacfc7e elementor-section-full_width elementor-section-height-default elementor-section-height-default\" data-id=\"dacfc7e\" data-element_type=\"section\" data-e-type=\"section\" id=\"contacto\" data-settings=\"{&quot;background_background&quot;:&quot;classic&quot;,&quot;_ha_eqh_enable&quot;:false}\">\n\t\t\t\t\t\t<div class=\"elementor-container elementor-column-gap-default\">\n\t\t\t\t\t<div class=\"elementor-column elementor-col-100 elementor-top-column elementor-element elementor-element-06199cb\" data-id=\"06199cb\" data-element_type=\"column\" data-e-type=\"column\">\n\t\t\t<div class=\"elementor-widget-wrap elementor-element-populated\">\n\t\t\t\t\t\t<div class=\"elementor-element elementor-element-68d16a0 uael-heading-align-center elementor-widget elementor-widget-uael-advanced-heading\" data-id=\"68d16a0\" data-element_type=\"widget\" data-e-type=\"widget\" data-widget_type=\"uael-advanced-heading.default\">\n\t\t\t\t<div class=\"elementor-widget-container\">\n\t\t\t\t\t\n\t\t<div class=\"uael-module-content uael-heading-wrapper\">\n\t\t\t\t\t\t\n\t\t\t<h3 class=\"uael-heading\">\n\t\t\t\t\t\t\t\t\t\t<span class=\"uael-heading-text elementor-inline-editing uael-size--default\" data-elementor-setting-key=\"heading_title\" data-elementor-inline-editing-toolbar=\"basic\">Request Information<\/span>\n\t\t\t\t\t\t\t<\/h3>\n\n\t\t\t\n\t\t\t\t\t\t<div class=\"uael-module-content uael-separator-parent\">\n\t\t\t\t\t\t\t\t\t\t\t\t\t<div class=\"uael-separator\"><\/div>\n\t\t\t\t\t\t\t<\/div>\n\t\t\t\n\t\t\t\t\t\t\t<div class=\"uael-subheading elementor-inline-editing\" data-elementor-setting-key=\"heading_description\" data-elementor-inline-editing-toolbar=\"advanced\" >\n\t\t\t\t\t<p>Ask us when you can start a course, your immersion program or any other questions you may have.<\/p>\t\t\t\t<\/div>\n\t\t\t\t\n\t\t\t\t\t\t<\/div>\n\t\t\t\t\t\t<\/div>\n\t\t\t\t<\/div>\n\t\t\t\t\t<\/div>\n\t\t<\/div>\n\t\t\t\t\t<\/div>\n\t\t<\/section>\n\t\t\t\t<section class=\"elementor-section elementor-top-section elementor-element elementor-element-3f942f7f elementor-section-full_width elementor-section-height-min-height elementor-section-height-default elementor-section-items-middle\" data-id=\"3f942f7f\" data-element_type=\"section\" data-e-type=\"section\" data-settings=\"{&quot;background_background&quot;:&quot;classic&quot;,&quot;_ha_eqh_enable&quot;:false}\">\n\t\t\t\t\t\t<div class=\"elementor-container elementor-column-gap-default\">\n\t\t\t\t\t<div class=\"elementor-column elementor-col-100 elementor-top-column elementor-element elementor-element-1d02e9a1\" data-id=\"1d02e9a1\" data-element_type=\"column\" data-e-type=\"column\">\n\t\t\t<div class=\"elementor-widget-wrap elementor-element-populated\">\n\t\t\t\t\t\t\t<\/div>\n\t\t<\/div>\n\t\t\t\t\t<\/div>\n\t\t<\/section>\n\t\t\t\t<\/div>\n\t\t","protected":false},"excerpt":{"rendered":"<p>Privacy Policy Siguiendo los principios de licitud, lealtad y transparencia, ponemos a su disposici\u00f3n la presente Pol\u00edtica de Privacidad en base al Reglamento (UE) 2016\/679 del Parlamento Europeo y del Consejo de 27 de abril de 2016 y la Ley Org\u00e1nica 3\/2018, de 5 de diciembre, de Protecci\u00f3n de Datos Personales y norma de desarrollo. [&hellip;]<\/p>\n","protected":false},"author":2,"featured_media":0,"parent":0,"menu_order":0,"comment_status":"closed","ping_status":"closed","template":"","meta":{"footnotes":""},"class_list":["post-71","page","type-page","status-publish","hentry"],"_links":{"self":[{"href":"https:\/\/stgabriel.es\/en\/wp-json\/wp\/v2\/pages\/71","targetHints":{"allow":["GET"]}}],"collection":[{"href":"https:\/\/stgabriel.es\/en\/wp-json\/wp\/v2\/pages"}],"about":[{"href":"https:\/\/stgabriel.es\/en\/wp-json\/wp\/v2\/types\/page"}],"author":[{"embeddable":true,"href":"https:\/\/stgabriel.es\/en\/wp-json\/wp\/v2\/users\/2"}],"replies":[{"embeddable":true,"href":"https:\/\/stgabriel.es\/en\/wp-json\/wp\/v2\/comments?post=71"}],"version-history":[{"count":0,"href":"https:\/\/stgabriel.es\/en\/wp-json\/wp\/v2\/pages\/71\/revisions"}],"wp:attachment":[{"href":"https:\/\/stgabriel.es\/en\/wp-json\/wp\/v2\/media?parent=71"}],"curies":[{"name":"wp","href":"https:\/\/api.w.org\/{rel}","templated":true}]}}